{"id":535,"date":"2024-11-15T08:39:28","date_gmt":"2024-11-15T11:39:28","guid":{"rendered":"https:\/\/programasartisticos.unam.edu.ar\/?page_id=535"},"modified":"2024-12-18T12:11:07","modified_gmt":"2024-12-18T15:11:07","slug":"orquesta-sinfonica-juvenil","status":"publish","type":"page","link":"https:\/\/programasartisticos.unam.edu.ar\/index.php\/orquesta-sinfonica-juvenil\/","title":{"rendered":"Orquesta Sinf\u00f3nica Juvenil"},"content":{"rendered":"\n<div class=\"wp-block-group has-global-padding is-layout-constrained wp-block-group-is-layout-constrained\">\n<div class=\"wp-block-columns is-layout-flex wp-container-core-columns-is-layout-28f84493 wp-block-columns-is-layout-flex\">\n<div class=\"wp-block-column is-layout-flow wp-block-column-is-layout-flow\" style=\"flex-basis:66.66%\">\n<main class=\"wp-block-group site-content is-layout-flow wp-block-group-is-layout-flow\" style=\"margin-top:0;padding-top:0px;padding-bottom:40px\">\n<p class=\"\">La Orquesta Sinf\u00f3nica Juvenil de la UNaM fue creada en 1994 y se encuentra bajo la direcci\u00f3n del violinista, Lic. Miguel Brizuela, y la asistencia de la violoncellista, Mgter. Nancy Hedman.<br><br>Actualmente est\u00e1 integrado por adolescentes y j\u00f3venes que ejecutan violines, violoncellos, contrabajos, flauta traversa, oboe y fagot. Tiene como objetivo principal la formaci\u00f3n y capacitaci\u00f3n de instrumentistas para que, adem\u00e1s de vivir la experiencia expresiva y colaborativa del arte orquestal, puedan aspirar a desempe\u00f1arse como preparadores de orquestas similares y en el intercambio cultural con otras comunidades.<br><br>Para llevar adelante esos objetivos, su director desarroll\u00f3 una propuesta est\u00e9tica-pedag\u00f3gica innovadora en la regi\u00f3n, con excelentes resultados tanto a nivel grupal como en el desarrollo personal.&nbsp; Sus integrantes se han capacitado t\u00e9cnicamente con los Maestros Alejandro Elijovich, Andr\u00e9s Gerzenson, Norberto Garc\u00eda y participaron en los ensayos especiales brindados por el maestro venezolano Gustavo Dudamel en el Teatro Col\u00f3n de Buenos Aires.<br><br>Desde sus inicios la Orquesta Sinf\u00f3nica Juvenil de la UNaM se ha presentado en diversas unidades acad\u00e9micas de la UNaM, as\u00ed como en diferentes salas de reuniones sociales, escuelas, iglesias y teatros de la provincia de Misiones. A partir del a\u00f1o 2002, se present\u00f3 tambi\u00e9n en otras provincias de nuestro pa\u00eds y realiz\u00f3 giras por distintas ciudades del Sur del Brasil.<br><br>Entre los a\u00f1os 2002 y 2003 particip\u00f3 de Seminarios de capacitaci\u00f3n en M\u00fasica barroca auspiciados por la Fundaci\u00f3n Antorchas. Entre los a\u00f1os 2004 y 2006 organiz\u00f3 las Jornadas de Capacitaci\u00f3n y Asistencia T\u00e9cnica dictadas por el Maestro Norberto Garc\u00eda, con una gran convocatoria de instrumentistas de la regi\u00f3n. Entre los a\u00f1os 2006 y 2008, desarroll\u00f3 un programa de Rock sinf\u00f3nico con la banda local Escafandra y el Japo Fleitas; y actu\u00f3 junto a m\u00fasicos invitados en las ediciones de los espect\u00e1culos de Semana Santa en San Ignacio, organizados por la Secretar\u00eda de Cultura de la Provincia de Misiones.<br><br>El a\u00f1o 2012 fue la orquesta base de la primera versi\u00f3n acad\u00e9mica del III Festival Iguaz\u00fa en Concierto. Asimismo, durante la pandemia fue la orquesta base del proyecto audiovisual \u201cArgentina mi pa\u00eds\u201d de las carreras de Turismo de varias universidades argentinas.<br><br>Habitualmente realiza presentaciones junto al Coro Universitario de Misiones, Ensamble Coral Universitario, Coro Universitario de Ober\u00e1 y Coro de Adultos, en conciertos tem\u00e1ticos y sinf\u00f3nicos-corales.<br><br>Aportando cada temporada Conciertos Did\u00e1cticos y Conciertos Especiales, la Orquesta Sinf\u00f3nica Juvenil de la UNaM se ha ganado un lugar de destaque entre la variada propuesta de ofertas art\u00edsticas de la Provincia de Misiones.<\/p>\n<\/main>\n<\/div>\n\n\n\n<div class=\"wp-block-column is-layout-flow wp-block-column-is-layout-flow\" style=\"flex-basis:33.33%\">\n<div class=\"wp-block-group is-layout-flow wp-block-group-is-layout-flow\">\n<h2 class=\"wp-block-heading\">Horarios<\/h2>\n\n\n\n<p class=\"\"><strong>&nbsp;<\/strong>Lunes y martes de 14 a 16 (ensayos parciales) <br>Mi\u00e9rcoles y viernes de 14 a 16 (ensayos generales).<\/p>\n<\/div>\n\n\n\n<div class=\"wp-block-group is-layout-flow wp-block-group-is-layout-flow\">\n<h2 class=\"wp-block-heading\"><strong>Coordinaci\u00f3n<\/strong><\/h2>\n\n\n\n<div class=\"wp-block-columns is-layout-flex wp-container-core-columns-is-layout-28f84493 wp-block-columns-is-layout-flex\">\n<div class=\"wp-block-column is-style-shadow has-light-background-background-color has-background is-layout-flow wp-block-column-is-layout-flow\" style=\"border-style:none;border-width:0px;padding-top:30px;padding-right:30px;padding-bottom:30px;padding-left:30px\">\n<div class=\"wp-block-group is-nowrap is-layout-flex wp-container-core-group-is-layout-6c531013 wp-block-group-is-layout-flex\">\n<figure class=\"wp-block-image size-full is-resized\"><img loading=\"lazy\" decoding=\"async\" width=\"512\" height=\"512\" src=\"https:\/\/programasartisticos.unam.edu.ar\/wp-content\/uploads\/2024\/12\/silueta.png\" alt=\"\" class=\"wp-image-1400\" style=\"width:91px;height:91px\" srcset=\"https:\/\/programasartisticos.unam.edu.ar\/wp-content\/uploads\/2024\/12\/silueta.png 512w, https:\/\/programasartisticos.unam.edu.ar\/wp-content\/uploads\/2024\/12\/silueta-300x300.png 300w, https:\/\/programasartisticos.unam.edu.ar\/wp-content\/uploads\/2024\/12\/silueta-150x150.png 150w\" sizes=\"auto, (max-width: 512px) 100vw, 512px\" \/><\/figure>\n\n\n\n<figure class=\"wp-block-pullquote has-text-align-left has-tertiary-color has-text-color has-x-small-font-size\" style=\"border-style:none;border-width:0px\"><blockquote><p><strong>Dir: Miguel Brizuela<\/strong><\/p><cite>Cel.: 3764247180<\/cite><\/blockquote><\/figure>\n<\/div>\n\n\n\n<div class=\"wp-block-group is-nowrap is-layout-flex wp-container-core-group-is-layout-6c531013 wp-block-group-is-layout-flex\">\n<figure class=\"wp-block-image size-full is-resized\"><img loading=\"lazy\" decoding=\"async\" width=\"512\" height=\"512\" src=\"https:\/\/programasartisticos.unam.edu.ar\/wp-content\/uploads\/2024\/12\/silueta.png\" alt=\"\" class=\"wp-image-1400\" style=\"width:91px;height:91px\" srcset=\"https:\/\/programasartisticos.unam.edu.ar\/wp-content\/uploads\/2024\/12\/silueta.png 512w, https:\/\/programasartisticos.unam.edu.ar\/wp-content\/uploads\/2024\/12\/silueta-300x300.png 300w, https:\/\/programasartisticos.unam.edu.ar\/wp-content\/uploads\/2024\/12\/silueta-150x150.png 150w\" sizes=\"auto, (max-width: 512px) 100vw, 512px\" \/><\/figure>\n\n\n\n<figure class=\"wp-block-pullquote has-text-align-left has-tertiary-color has-text-color has-x-small-font-size\" style=\"border-style:none;border-width:0px\"><blockquote><p><strong>Asist: Nancy Hedman<\/strong><\/p><cite>Cel.: 3764696959<\/cite><\/blockquote><\/figure>\n<\/div>\n<\/div>\n<\/div>\n<\/div>\n<\/div>\n<\/div>\n<\/div>\n\n\n\n<div class=\"wp-block-group has-global-padding is-layout-constrained wp-block-group-is-layout-constrained\">\n<div style=\"height:100px\" aria-hidden=\"true\" class=\"wp-block-spacer\"><\/div>\n\n\n\n<p class=\"has-text-color has-link-color wp-elements-b7a06e281d23976e2e61f0abe4039b48\" style=\"color:#29add9\"><strong><a href=\"https:\/\/programasartisticos.unam.edu.ar\/index.php\/144-2\/\">Volver al Programa M\u00fasica<\/a><\/strong><\/p>\n<\/div>\n","protected":false},"excerpt":{"rendered":"<p>La Orquesta Sinf\u00f3nica Juvenil de la UNaM fue creada en 1994 y se encuentra bajo la direcci\u00f3n del violinista, Lic. Miguel Brizuela, y la asistencia de la violoncellista, Mgter. Nancy Hedman. Actualmente est\u00e1 integrado por adolescentes y j\u00f3venes que ejecutan violines, violoncellos, contrabajos, flauta traversa, oboe y fagot. Tiene como objetivo principal la formaci\u00f3n y [&hellip;]<\/p>\n","protected":false},"author":2,"featured_media":0,"parent":0,"menu_order":0,"comment_status":"closed","ping_status":"closed","template":"","meta":{"_advanced_animation_props":"{\"animations\":{\"fade-in\":{\"id\":\"fade-in\",\"name\":\"fade in\",\"keyframes\":{\"0%\":{\"transform\":{},\"opacity\":\"0%\"},\"100%\":{\"transform\":{},\"opacity\":\"100%\"}}},\"fade-in-left\":{\"id\":\"fade-in-left\",\"name\":\"fade in left\",\"keyframes\":{\"0%\":{\"transform\":{\"translateX\":\"50px\"},\"opacity\":\"0%\"},\"100%\":{\"transform\":{\"translateX\":\"0px\"},\"opacity\":\"100%\"}}},\"fade-in-right\":{\"id\":\"fade-in-right\",\"name\":\"fade in right\",\"keyframes\":{\"0%\":{\"transform\":{\"translateX\":\"-50px\"},\"opacity\":\"0%\"},\"100%\":{\"transform\":{\"translateX\":\"0px\"},\"opacity\":\"100%\"}}},\"fade-in-top\":{\"id\":\"fade-in-top\",\"name\":\"fade in top\",\"keyframes\":{\"0%\":{\"transform\":{\"translateY\":\"50px\"},\"opacity\":\"0%\"},\"100%\":{\"transform\":{\"translateY\":\"0px\"},\"opacity\":\"100%\"}}},\"fade-in-down\":{\"id\":\"fade-in-down\",\"name\":\"fade in down\",\"keyframes\":{\"0%\":{\"transform\":{\"translateY\":\"-50px\"},\"opacity\":\"0%\"},\"100%\":{\"transform\":{\"translateY\":\"0px\"},\"opacity\":\"100%\"}}},\"zoom-in\":{\"id\":\"zoom-in\",\"name\":\"zoom in\",\"keyframes\":{\"0%\":{\"transform\":{\"scale\":\"70%\"},\"opacity\":\"0%\"},\"100%\":{\"transform\":{\"scale\":\"100%\"},\"opacity\":\"100%\"}}},\"zoom-out\":{\"id\":\"zoom-out\",\"name\":\"zoom out\",\"keyframes\":{\"0%\":{\"transform\":{\"scale\":\"130%\"},\"opacity\":\"0%\"},\"100%\":{\"transform\":{\"scale\":\"100%\"},\"opacity\":\"100%\"}}},\"scale-up\":{\"id\":\"scale-up\",\"name\":\"scale up\",\"keyframes\":{\"0%\":{\"transform\":{\"scale\":\"100%\"}},\"100%\":{\"transform\":{\"scale\":\"120%\"}}}},\"scale-down\":{\"id\":\"scale-down\",\"name\":\"scale down\",\"keyframes\":{\"0%\":{\"transform\":{\"scale\":\"100%\"}},\"100%\":{\"transform\":{\"scale\":\"80%\"}}}},\"clip-from-left\":{\"id\":\"clip-from-left\",\"name\":\"reveal from left\",\"keyframes\":{\"0%\":{\"clip-path\":\"inset(0% 100% 0% 0%)\"},\"100%\":{\"clip-path\":\"inset(0% 0% 0% 0%)\"}}},\"clip-from-right\":{\"id\":\"clip-from-right\",\"name\":\"reveal from right\",\"keyframes\":{\"0%\":{\"clip-path\":\"inset(0% 0% 0% 100%)\"},\"100%\":{\"clip-path\":\"inset(0% 0% 0% 0%)\"}}},\"clip-from-top\":{\"id\":\"clip-from-top\",\"name\":\"reveal from top\",\"keyframes\":{\"0%\":{\"clip-path\":\"inset(0% 0% 100% 0%)\"},\"100%\":{\"clip-path\":\"inset(0% 0% 0% 0%)\"}}},\"clip-from-bottom\":{\"id\":\"clip-from-bottom\",\"name\":\"reveal from bottom\",\"keyframes\":{\"0%\":{\"clip-path\":\"inset(100% 0% 0% 0%)\"},\"100%\":{\"clip-path\":\"inset(0% 0% 0% 0%)\"}}},\"text-rotate-intro\":{\"id\":\"text-rotate-intro\",\"name\":\"text rotate intro\",\"keyframes\":{\"0%\":{\"transform\":{\"rotate\":\"-10deg\",\"rotateX\":\"75deg\",\"rotateY\":\"0deg\"},\"opacity\":\"0%\"},\"100%\":{\"transform\":{\"rotate\":\"0deg\",\"rotateX\":\"0deg\",\"rotateY\":\"0deg\"},\"opacity\":\"100%\"}}},\"zoom-rotate\":{\"id\":\"zoom-rotate\",\"name\":\"zoom rotate\",\"keyframes\":{\"0%\":{\"transform\":{\"rotate\":\"180deg\",\"scale\":\"50%\"},\"opacity\":\"0%\"},\"100%\":{\"transform\":{\"rotate\":\"0deg\",\"scale\":\"100%\"},\"opacity\":\"100%\"}}},\"move-up\":{\"id\":\"move-up\",\"name\":\"move up\",\"keyframes\":{\"0%\":{\"transform\":{\"translateY\":\"100%\"}},\"100%\":{\"transform\":{\"translateY\":\"0%\"}}}},\"move-down\":{\"id\":\"move-down\",\"name\":\"move down\",\"keyframes\":{\"0%\":{\"transform\":{\"translateY\":\"-100-%\"}},\"100%\":{\"transform\":{\"translateY\":\"0%\"}}}},\"video-app-intro\":{\"id\":\"video-app-intro\",\"name\":\"video app intro\",\"keyframes\":{\"0%\":{\"transform\":{\"translateX\":\"-300px\",\"scale\":\"300%\",\"rotate\":\"90deg\"}},\"50%\":{\"transform\":{\"translateX\":\"-300px\",\"scale\":\"100%\",\"rotate\":\"0deg\"}},\"100%\":{\"transform\":{\"translateX\":\"0px\",\"scale\":\"100%\",\"rotate\":\"0deg\"}}}}},\"settings\":{}}","_moveable":"{}","_advanced_block_media_mapping":[],"footnotes":""},"class_list":["post-535","page","type-page","status-publish","hentry"],"_links":{"self":[{"href":"https:\/\/programasartisticos.unam.edu.ar\/index.php\/wp-json\/wp\/v2\/pages\/535","targetHints":{"allow":["GET"]}}],"collection":[{"href":"https:\/\/programasartisticos.unam.edu.ar\/index.php\/wp-json\/wp\/v2\/pages"}],"about":[{"href":"https:\/\/programasartisticos.unam.edu.ar\/index.php\/wp-json\/wp\/v2\/types\/page"}],"author":[{"embeddable":true,"href":"https:\/\/programasartisticos.unam.edu.ar\/index.php\/wp-json\/wp\/v2\/users\/2"}],"replies":[{"embeddable":true,"href":"https:\/\/programasartisticos.unam.edu.ar\/index.php\/wp-json\/wp\/v2\/comments?post=535"}],"version-history":[{"count":7,"href":"https:\/\/programasartisticos.unam.edu.ar\/index.php\/wp-json\/wp\/v2\/pages\/535\/revisions"}],"predecessor-version":[{"id":1404,"href":"https:\/\/programasartisticos.unam.edu.ar\/index.php\/wp-json\/wp\/v2\/pages\/535\/revisions\/1404"}],"wp:attachment":[{"href":"https:\/\/programasartisticos.unam.edu.ar\/index.php\/wp-json\/wp\/v2\/media?parent=535"}],"curies":[{"name":"wp","href":"https:\/\/api.w.org\/{rel}","templated":true}]}}