{"id":126,"date":"2024-10-24T11:49:29","date_gmt":"2024-10-24T14:49:29","guid":{"rendered":"https:\/\/programasartisticos.unam.edu.ar\/?page_id=126"},"modified":"2025-12-09T11:47:26","modified_gmt":"2025-12-09T14:47:26","slug":"126-2","status":"publish","type":"page","link":"https:\/\/programasartisticos.unam.edu.ar\/","title":{"rendered":""},"content":{"rendered":"\n<section class=\"wp-block-group alignfull site-content is-style-default is-layout-flow wp-container-core-group-is-layout-34a36e34 wp-block-group-is-layout-flow\" id=\"hero\" style=\"margin-top:0;padding-top:0;padding-right:0%;padding-bottom:0;padding-left:0%\">\n<div class=\"wp-block-cover is-light\" style=\"padding-top:0px;padding-right:30px;padding-bottom:0px;padding-left:30px\"><video class=\"wp-block-cover__video-background intrinsic-ignore\" autoplay muted loop playsinline src=\"https:\/\/programasartisticos.unam.edu.ar\/wp-content\/uploads\/2025\/12\/PORTADATEATROMUSICA.mp4\" data-object-fit=\"cover\"><\/video><span aria-hidden=\"true\" class=\"wp-block-cover__background has-secondary-background-color has-background-dim-30 has-background-dim\"><\/span><div class=\"wp-block-cover__inner-container is-layout-flow wp-block-cover-is-layout-flow\"><header class=\"wp-block-template-part\"><div class=\"wp-block-site-logo\"><a href=\"https:\/\/programasartisticos.unam.edu.ar\/\" class=\"custom-logo-link\" rel=\"home\"><img loading=\"lazy\" decoding=\"async\" width=\"297\" height=\"48\" src=\"https:\/\/programasartisticos.unam.edu.ar\/wp-content\/uploads\/2024\/12\/08_UNaM_Version_Membrete_negativo-blanco.png\" class=\"custom-logo\" alt=\"Secretaria General de Extensi\u00f3n\" srcset=\"https:\/\/programasartisticos.unam.edu.ar\/wp-content\/uploads\/2024\/12\/08_UNaM_Version_Membrete_negativo-blanco.png 2287w, https:\/\/programasartisticos.unam.edu.ar\/wp-content\/uploads\/2024\/12\/08_UNaM_Version_Membrete_negativo-blanco-300x49.png 300w, https:\/\/programasartisticos.unam.edu.ar\/wp-content\/uploads\/2024\/12\/08_UNaM_Version_Membrete_negativo-blanco-1024x168.png 1024w, https:\/\/programasartisticos.unam.edu.ar\/wp-content\/uploads\/2024\/12\/08_UNaM_Version_Membrete_negativo-blanco-768x126.png 768w, https:\/\/programasartisticos.unam.edu.ar\/wp-content\/uploads\/2024\/12\/08_UNaM_Version_Membrete_negativo-blanco-1536x253.png 1536w, https:\/\/programasartisticos.unam.edu.ar\/wp-content\/uploads\/2024\/12\/08_UNaM_Version_Membrete_negativo-blanco-2048x337.png 2048w\" sizes=\"auto, (max-width: 297px) 100vw, 297px\" \/><\/a><\/div><\/header>\n\n\n<div id=\"hero\" class=\"wp-block-group is-style-default has-global-padding is-layout-constrained wp-container-core-group-is-layout-704e782a wp-block-group-is-layout-constrained\">\n<div style=\"height:60px\" aria-hidden=\"true\" class=\"wp-block-spacer\"><\/div>\n<\/div>\n\n\n\n<div class=\"wp-block-columns is-layout-flex wp-container-core-columns-is-layout-28f84493 wp-block-columns-is-layout-flex\"><style> .animation-b3b98248-81b2-4e13-8b8d-64d8c9082769{transform:scale(70%);opacity:0%;}<\/style>\n<div data-scroll data-scroll-id=\"b3b98248-81b2-4e13-8b8d-64d8c9082769\" class=\"wp-block-column animation-b3b98248-81b2-4e13-8b8d-64d8c9082769 is-layout-flow wp-block-column-is-layout-flow\" style=\"padding-top:0;padding-right:0;padding-bottom:0;padding-left:0\">\n<figure class=\"wp-block-image aligncenter size-full is-resized has-custom-border\"><img loading=\"lazy\" decoding=\"async\" width=\"3841\" height=\"865\" src=\"https:\/\/programasartisticos.unam.edu.ar\/wp-content\/uploads\/2024\/12\/Portada-Musica-1.png\" alt=\"\" class=\"wp-image-1343\" style=\"border-radius:10px;box-shadow:var(--wp--preset--shadow--natural);width:350px\" srcset=\"https:\/\/programasartisticos.unam.edu.ar\/wp-content\/uploads\/2024\/12\/Portada-Musica-1.png 3841w, https:\/\/programasartisticos.unam.edu.ar\/wp-content\/uploads\/2024\/12\/Portada-Musica-1-300x68.png 300w, https:\/\/programasartisticos.unam.edu.ar\/wp-content\/uploads\/2024\/12\/Portada-Musica-1-1024x231.png 1024w, https:\/\/programasartisticos.unam.edu.ar\/wp-content\/uploads\/2024\/12\/Portada-Musica-1-768x173.png 768w, https:\/\/programasartisticos.unam.edu.ar\/wp-content\/uploads\/2024\/12\/Portada-Musica-1-1536x346.png 1536w, https:\/\/programasartisticos.unam.edu.ar\/wp-content\/uploads\/2024\/12\/Portada-Musica-1-2048x461.png 2048w\" sizes=\"auto, (max-width: 3841px) 100vw, 3841px\" \/><\/figure>\n\n\n\n<div class=\"wp-block-group has-global-padding is-layout-constrained wp-container-core-group-is-layout-3d9c1f36 wp-block-group-is-layout-constrained\" style=\"padding-right:var(--wp--preset--spacing--x-large);padding-left:var(--wp--preset--spacing--x-large)\">\n<div style=\"height:20px\" aria-hidden=\"true\" class=\"wp-block-spacer\"><\/div>\n\n\n\n<p class=\"has-white-color has-text-color has-background has-link-color has-x-small-font-size wp-elements-6ff59ca0295051f925549481f9b40011\" style=\"background-color:#1f1f308c\">El Programa de M\u00fasica de&nbsp;la Universidad Nacional de Misiones organiza distintos grupos corales e instrumentales con el prop\u00f3sito de lograr la difusi\u00f3n de la m\u00fasica en sus distintas expresiones: cl\u00e1sica, sacra, popular, entre otros. Est\u00e1 conformado por el Coro Universitario de Misiones, el Ensamble Coral Universitario, el Coro de Adultos, el Coro Universitario de Ober\u00e1, el Conjunto de C\u00e1mara y la Orquesta Sinf\u00f3nica Juvenil.&nbsp;<\/p>\n<\/div>\n\n\n\n<div class=\"wp-block-group is-vertical is-content-justification-center is-layout-flex wp-container-core-group-is-layout-b6c1f246 wp-block-group-is-layout-flex\">\n<div class=\"wp-block-buttons is-layout-flex wp-block-buttons-is-layout-flex\">\n<div class=\"wp-block-button\"><a class=\"wp-block-button__link has-custom-color-1-color has-text-color has-background has-link-color wp-element-button\" href=\"https:\/\/programasartisticos.unam.edu.ar\/index.php\/144-2\/\" style=\"border-radius:10px;background-color:#ee8907;box-shadow:var(--wp--preset--shadow--natural)\">Ingresar<\/a><\/div>\n<\/div>\n\n\n<style> .animation-6d546795-c8c3-410a-abb2-c5ec6cbb3e70{transform:translateY(50px);opacity:0%;}<\/style>\n<ul data-scroll data-scroll-id=\"6d546795-c8c3-410a-abb2-c5ec6cbb3e70\" class=\"wp-block-social-links has-visible-labels is-style-pill-shape animation-6d546795-c8c3-410a-abb2-c5ec6cbb3e70 is-horizontal is-content-justification-center is-layout-flex wp-container-core-social-links-is-layout-cc213a58 wp-block-social-links-is-layout-flex\" style=\"margin-top:0;margin-bottom:0\"><li class=\"wp-social-link wp-social-link-instagram  wp-block-social-link\"><a rel=\"noopener nofollow\" target=\"_blank\" href=\"https:\/\/www.instagram.com\/programamusica\" class=\"wp-block-social-link-anchor\"><svg width=\"24\" height=\"24\" viewBox=\"0 0 24 24\" version=\"1.1\" xmlns=\"http:\/\/www.w3.org\/2000\/svg\" aria-hidden=\"true\" focusable=\"false\"><path d=\"M12,4.622c2.403,0,2.688,0.009,3.637,0.052c0.877,0.04,1.354,0.187,1.671,0.31c0.42,0.163,0.72,0.358,1.035,0.673 c0.315,0.315,0.51,0.615,0.673,1.035c0.123,0.317,0.27,0.794,0.31,1.671c0.043,0.949,0.052,1.234,0.052,3.637 s-0.009,2.688-0.052,3.637c-0.04,0.877-0.187,1.354-0.31,1.671c-0.163,0.42-0.358,0.72-0.673,1.035 c-0.315,0.315-0.615,0.51-1.035,0.673c-0.317,0.123-0.794,0.27-1.671,0.31c-0.949,0.043-1.233,0.052-3.637,0.052 s-2.688-0.009-3.637-0.052c-0.877-0.04-1.354-0.187-1.671-0.31c-0.42-0.163-0.72-0.358-1.035-0.673 c-0.315-0.315-0.51-0.615-0.673-1.035c-0.123-0.317-0.27-0.794-0.31-1.671C4.631,14.688,4.622,14.403,4.622,12 s0.009-2.688,0.052-3.637c0.04-0.877,0.187-1.354,0.31-1.671c0.163-0.42,0.358-0.72,0.673-1.035 c0.315-0.315,0.615-0.51,1.035-0.673c0.317-0.123,0.794-0.27,1.671-0.31C9.312,4.631,9.597,4.622,12,4.622 M12,3 C9.556,3,9.249,3.01,8.289,3.054C7.331,3.098,6.677,3.25,6.105,3.472C5.513,3.702,5.011,4.01,4.511,4.511 c-0.5,0.5-0.808,1.002-1.038,1.594C3.25,6.677,3.098,7.331,3.054,8.289C3.01,9.249,3,9.556,3,12c0,2.444,0.01,2.751,0.054,3.711 c0.044,0.958,0.196,1.612,0.418,2.185c0.23,0.592,0.538,1.094,1.038,1.594c0.5,0.5,1.002,0.808,1.594,1.038 c0.572,0.222,1.227,0.375,2.185,0.418C9.249,20.99,9.556,21,12,21s2.751-0.01,3.711-0.054c0.958-0.044,1.612-0.196,2.185-0.418 c0.592-0.23,1.094-0.538,1.594-1.038c0.5-0.5,0.808-1.002,1.038-1.594c0.222-0.572,0.375-1.227,0.418-2.185 C20.99,14.751,21,14.444,21,12s-0.01-2.751-0.054-3.711c-0.044-0.958-0.196-1.612-0.418-2.185c-0.23-0.592-0.538-1.094-1.038-1.594 c-0.5-0.5-1.002-0.808-1.594-1.038c-0.572-0.222-1.227-0.375-2.185-0.418C14.751,3.01,14.444,3,12,3L12,3z M12,7.378 c-2.552,0-4.622,2.069-4.622,4.622S9.448,16.622,12,16.622s4.622-2.069,4.622-4.622S14.552,7.378,12,7.378z M12,15 c-1.657,0-3-1.343-3-3s1.343-3,3-3s3,1.343,3,3S13.657,15,12,15z M16.804,6.116c-0.596,0-1.08,0.484-1.08,1.08 s0.484,1.08,1.08,1.08c0.596,0,1.08-0.484,1.08-1.08S17.401,6.116,16.804,6.116z\"><\/path><\/svg><span class=\"wp-block-social-link-label\">Instagram<\/span><\/a><\/li>\n\n<li class=\"wp-social-link wp-social-link-facebook  wp-block-social-link\"><a rel=\"noopener nofollow\" target=\"_blank\" href=\"https:\/\/www.facebook.com\/programamusicaunam\/\" class=\"wp-block-social-link-anchor\"><svg width=\"24\" height=\"24\" viewBox=\"0 0 24 24\" version=\"1.1\" xmlns=\"http:\/\/www.w3.org\/2000\/svg\" aria-hidden=\"true\" focusable=\"false\"><path d=\"M12 2C6.5 2 2 6.5 2 12c0 5 3.7 9.1 8.4 9.9v-7H7.9V12h2.5V9.8c0-2.5 1.5-3.9 3.8-3.9 1.1 0 2.2.2 2.2.2v2.5h-1.3c-1.2 0-1.6.8-1.6 1.6V12h2.8l-.4 2.9h-2.3v7C18.3 21.1 22 17 22 12c0-5.5-4.5-10-10-10z\"><\/path><\/svg><span class=\"wp-block-social-link-label\">Facebook<\/span><\/a><\/li><\/ul>\n<\/div>\n<\/div>\n\n\n<style> .animation-1fe411e9-e213-4cd3-a8cc-b9d910e6358e{transform:scale(70%);opacity:0%;}<\/style>\n<div data-scroll data-scroll-id=\"1fe411e9-e213-4cd3-a8cc-b9d910e6358e\" class=\"wp-block-column animation-1fe411e9-e213-4cd3-a8cc-b9d910e6358e is-layout-flow wp-block-column-is-layout-flow\" style=\"padding-top:0;padding-right:0;padding-bottom:0;padding-left:0\">\n<figure class=\"wp-block-image aligncenter size-full is-resized has-custom-border\"><img loading=\"lazy\" decoding=\"async\" width=\"3841\" height=\"865\" src=\"https:\/\/programasartisticos.unam.edu.ar\/wp-content\/uploads\/2024\/12\/Portada-Teatro.png\" alt=\"\" class=\"wp-image-1344\" style=\"border-radius:10px;box-shadow:var(--wp--preset--shadow--natural);width:350px\" srcset=\"https:\/\/programasartisticos.unam.edu.ar\/wp-content\/uploads\/2024\/12\/Portada-Teatro.png 3841w, https:\/\/programasartisticos.unam.edu.ar\/wp-content\/uploads\/2024\/12\/Portada-Teatro-300x68.png 300w, https:\/\/programasartisticos.unam.edu.ar\/wp-content\/uploads\/2024\/12\/Portada-Teatro-1024x231.png 1024w, https:\/\/programasartisticos.unam.edu.ar\/wp-content\/uploads\/2024\/12\/Portada-Teatro-768x173.png 768w, https:\/\/programasartisticos.unam.edu.ar\/wp-content\/uploads\/2024\/12\/Portada-Teatro-1536x346.png 1536w, https:\/\/programasartisticos.unam.edu.ar\/wp-content\/uploads\/2024\/12\/Portada-Teatro-2048x461.png 2048w\" sizes=\"auto, (max-width: 3841px) 100vw, 3841px\" \/><\/figure>\n\n\n\n<div class=\"wp-block-group has-global-padding is-layout-constrained wp-container-core-group-is-layout-3d9c1f36 wp-block-group-is-layout-constrained\" style=\"padding-right:var(--wp--preset--spacing--x-large);padding-left:var(--wp--preset--spacing--x-large)\">\n<div style=\"height:20px\" aria-hidden=\"true\" class=\"wp-block-spacer\"><\/div>\n\n\n\n<p class=\"has-white-color has-text-color has-background has-link-color has-x-small-font-size wp-elements-fb9e6868c49b6dbbe1c5ef26ff5d94de\" style=\"background-color:#1f1f308c\">El&nbsp;Programa TeUNaM Teatro de la Universidad Nacional de Misiones&nbsp;promueve el teatro como herramienta educativa, cultural y social. A trav\u00e9s de talleres, producciones teatrales y muestras, el programa busca fomentar el desarrollo integral de los estudiantes, la interacci\u00f3n comunitaria y la difusi\u00f3n de contenidos culturales tanto en el \u00e1mbito universitario como en diversos espacios p\u00fablicos y privados de la comunidad, ampliando su alcance e impacto en la sociedad.<\/p>\n<\/div>\n\n\n\n<div class=\"wp-block-group is-vertical is-content-justification-center is-layout-flex wp-container-core-group-is-layout-b6c1f246 wp-block-group-is-layout-flex\">\n<div class=\"wp-block-buttons is-layout-flex wp-block-buttons-is-layout-flex\">\n<div class=\"wp-block-button\"><a class=\"wp-block-button__link has-custom-color-1-color has-text-color has-background has-link-color wp-element-button\" href=\"https:\/\/programasartisticos.unam.edu.ar\/index.php\/programa-teunam\/\" style=\"border-radius:10px;background-color:#00a3e0;box-shadow:var(--wp--preset--shadow--natural)\">ingresar<\/a><\/div>\n<\/div>\n\n\n<style> .animation-6b775394-7934-47fd-925a-a0a4020d8afc{transform:translateY(50px);opacity:0%;}<\/style>\n<ul data-scroll data-scroll-id=\"6b775394-7934-47fd-925a-a0a4020d8afc\" class=\"wp-block-social-links has-visible-labels is-style-default animation-6b775394-7934-47fd-925a-a0a4020d8afc is-horizontal is-content-justification-center is-layout-flex wp-container-core-social-links-is-layout-cc213a58 wp-block-social-links-is-layout-flex\" style=\"margin-top:0;margin-bottom:0\"><li class=\"wp-social-link wp-social-link-instagram  wp-block-social-link\"><a rel=\"noopener nofollow\" target=\"_blank\" href=\"https:\/\/www.instagram.com\/teunam_teatro\/\" class=\"wp-block-social-link-anchor\"><svg width=\"24\" height=\"24\" viewBox=\"0 0 24 24\" version=\"1.1\" xmlns=\"http:\/\/www.w3.org\/2000\/svg\" aria-hidden=\"true\" focusable=\"false\"><path d=\"M12,4.622c2.403,0,2.688,0.009,3.637,0.052c0.877,0.04,1.354,0.187,1.671,0.31c0.42,0.163,0.72,0.358,1.035,0.673 c0.315,0.315,0.51,0.615,0.673,1.035c0.123,0.317,0.27,0.794,0.31,1.671c0.043,0.949,0.052,1.234,0.052,3.637 s-0.009,2.688-0.052,3.637c-0.04,0.877-0.187,1.354-0.31,1.671c-0.163,0.42-0.358,0.72-0.673,1.035 c-0.315,0.315-0.615,0.51-1.035,0.673c-0.317,0.123-0.794,0.27-1.671,0.31c-0.949,0.043-1.233,0.052-3.637,0.052 s-2.688-0.009-3.637-0.052c-0.877-0.04-1.354-0.187-1.671-0.31c-0.42-0.163-0.72-0.358-1.035-0.673 c-0.315-0.315-0.51-0.615-0.673-1.035c-0.123-0.317-0.27-0.794-0.31-1.671C4.631,14.688,4.622,14.403,4.622,12 s0.009-2.688,0.052-3.637c0.04-0.877,0.187-1.354,0.31-1.671c0.163-0.42,0.358-0.72,0.673-1.035 c0.315-0.315,0.615-0.51,1.035-0.673c0.317-0.123,0.794-0.27,1.671-0.31C9.312,4.631,9.597,4.622,12,4.622 M12,3 C9.556,3,9.249,3.01,8.289,3.054C7.331,3.098,6.677,3.25,6.105,3.472C5.513,3.702,5.011,4.01,4.511,4.511 c-0.5,0.5-0.808,1.002-1.038,1.594C3.25,6.677,3.098,7.331,3.054,8.289C3.01,9.249,3,9.556,3,12c0,2.444,0.01,2.751,0.054,3.711 c0.044,0.958,0.196,1.612,0.418,2.185c0.23,0.592,0.538,1.094,1.038,1.594c0.5,0.5,1.002,0.808,1.594,1.038 c0.572,0.222,1.227,0.375,2.185,0.418C9.249,20.99,9.556,21,12,21s2.751-0.01,3.711-0.054c0.958-0.044,1.612-0.196,2.185-0.418 c0.592-0.23,1.094-0.538,1.594-1.038c0.5-0.5,0.808-1.002,1.038-1.594c0.222-0.572,0.375-1.227,0.418-2.185 C20.99,14.751,21,14.444,21,12s-0.01-2.751-0.054-3.711c-0.044-0.958-0.196-1.612-0.418-2.185c-0.23-0.592-0.538-1.094-1.038-1.594 c-0.5-0.5-1.002-0.808-1.594-1.038c-0.572-0.222-1.227-0.375-2.185-0.418C14.751,3.01,14.444,3,12,3L12,3z M12,7.378 c-2.552,0-4.622,2.069-4.622,4.622S9.448,16.622,12,16.622s4.622-2.069,4.622-4.622S14.552,7.378,12,7.378z M12,15 c-1.657,0-3-1.343-3-3s1.343-3,3-3s3,1.343,3,3S13.657,15,12,15z M16.804,6.116c-0.596,0-1.08,0.484-1.08,1.08 s0.484,1.08,1.08,1.08c0.596,0,1.08-0.484,1.08-1.08S17.401,6.116,16.804,6.116z\"><\/path><\/svg><span class=\"wp-block-social-link-label\">Instagram<\/span><\/a><\/li>\n\n<li class=\"wp-social-link wp-social-link-facebook  wp-block-social-link\"><a rel=\"noopener nofollow\" target=\"_blank\" href=\"https:\/\/www.facebook.com\/TeUNaM\/?locale=es_LA\" class=\"wp-block-social-link-anchor\"><svg width=\"24\" height=\"24\" viewBox=\"0 0 24 24\" version=\"1.1\" xmlns=\"http:\/\/www.w3.org\/2000\/svg\" aria-hidden=\"true\" focusable=\"false\"><path d=\"M12 2C6.5 2 2 6.5 2 12c0 5 3.7 9.1 8.4 9.9v-7H7.9V12h2.5V9.8c0-2.5 1.5-3.9 3.8-3.9 1.1 0 2.2.2 2.2.2v2.5h-1.3c-1.2 0-1.6.8-1.6 1.6V12h2.8l-.4 2.9h-2.3v7C18.3 21.1 22 17 22 12c0-5.5-4.5-10-10-10z\"><\/path><\/svg><span class=\"wp-block-social-link-label\">Facebook<\/span><\/a><\/li><\/ul>\n<\/div>\n<\/div>\n<\/div>\n\n\n\n<div style=\"height:39px\" aria-hidden=\"true\" class=\"wp-block-spacer\"><\/div>\n<\/div><\/div>\n<\/section>\n","protected":false},"excerpt":{"rendered":"","protected":false},"author":2,"featured_media":0,"parent":0,"menu_order":0,"comment_status":"closed","ping_status":"closed","template":"","meta":{"_advanced_animation_props":"{\"animations\":{\"fade-in\":{\"id\":\"fade-in\",\"name\":\"fade in\",\"keyframes\":{\"0%\":{\"transform\":{},\"opacity\":\"0%\"},\"100%\":{\"transform\":{},\"opacity\":\"100%\"}}},\"fade-in-left\":{\"id\":\"fade-in-left\",\"name\":\"fade in left\",\"keyframes\":{\"0%\":{\"transform\":{\"translateX\":\"50px\"},\"opacity\":\"0%\"},\"100%\":{\"transform\":{\"translateX\":\"0px\"},\"opacity\":\"100%\"}}},\"fade-in-right\":{\"id\":\"fade-in-right\",\"name\":\"fade in right\",\"keyframes\":{\"0%\":{\"transform\":{\"translateX\":\"-50px\"},\"opacity\":\"0%\"},\"100%\":{\"transform\":{\"translateX\":\"0px\"},\"opacity\":\"100%\"}}},\"fade-in-top\":{\"id\":\"fade-in-top\",\"name\":\"fade in top\",\"keyframes\":{\"0%\":{\"transform\":{\"translateY\":\"50px\"},\"opacity\":\"0%\"},\"100%\":{\"transform\":{\"translateY\":\"0px\"},\"opacity\":\"100%\"}}},\"fade-in-down\":{\"id\":\"fade-in-down\",\"name\":\"fade in down\",\"keyframes\":{\"0%\":{\"transform\":{\"translateY\":\"-50px\"},\"opacity\":\"0%\"},\"100%\":{\"transform\":{\"translateY\":\"0px\"},\"opacity\":\"100%\"}}},\"zoom-in\":{\"id\":\"zoom-in\",\"name\":\"zoom in\",\"keyframes\":{\"0%\":{\"transform\":{\"scale\":\"70%\"},\"opacity\":\"0%\"},\"100%\":{\"transform\":{\"scale\":\"100%\"},\"opacity\":\"100%\"}}},\"zoom-out\":{\"id\":\"zoom-out\",\"name\":\"zoom out\",\"keyframes\":{\"0%\":{\"transform\":{\"scale\":\"130%\"},\"opacity\":\"0%\"},\"100%\":{\"transform\":{\"scale\":\"100%\"},\"opacity\":\"100%\"}}},\"scale-up\":{\"id\":\"scale-up\",\"name\":\"scale up\",\"keyframes\":{\"0%\":{\"transform\":{\"scale\":\"100%\"}},\"100%\":{\"transform\":{\"scale\":\"120%\"}}}},\"scale-down\":{\"id\":\"scale-down\",\"name\":\"scale down\",\"keyframes\":{\"0%\":{\"transform\":{\"scale\":\"100%\"}},\"100%\":{\"transform\":{\"scale\":\"80%\"}}}},\"clip-from-left\":{\"id\":\"clip-from-left\",\"name\":\"reveal from left\",\"keyframes\":{\"0%\":{\"clip-path\":\"inset(0% 100% 0% 0%)\"},\"100%\":{\"clip-path\":\"inset(0% 0% 0% 0%)\"}}},\"clip-from-right\":{\"id\":\"clip-from-right\",\"name\":\"reveal from right\",\"keyframes\":{\"0%\":{\"clip-path\":\"inset(0% 0% 0% 100%)\"},\"100%\":{\"clip-path\":\"inset(0% 0% 0% 0%)\"}}},\"clip-from-top\":{\"id\":\"clip-from-top\",\"name\":\"reveal from top\",\"keyframes\":{\"0%\":{\"clip-path\":\"inset(0% 0% 100% 0%)\"},\"100%\":{\"clip-path\":\"inset(0% 0% 0% 0%)\"}}},\"clip-from-bottom\":{\"id\":\"clip-from-bottom\",\"name\":\"reveal from bottom\",\"keyframes\":{\"0%\":{\"clip-path\":\"inset(100% 0% 0% 0%)\"},\"100%\":{\"clip-path\":\"inset(0% 0% 0% 0%)\"}}},\"text-rotate-intro\":{\"id\":\"text-rotate-intro\",\"name\":\"text rotate intro\",\"keyframes\":{\"0%\":{\"transform\":{\"rotate\":\"-10deg\",\"rotateX\":\"75deg\",\"rotateY\":\"0deg\"},\"opacity\":\"0%\"},\"100%\":{\"transform\":{\"rotate\":\"0deg\",\"rotateX\":\"0deg\",\"rotateY\":\"0deg\"},\"opacity\":\"100%\"}}},\"zoom-rotate\":{\"id\":\"zoom-rotate\",\"name\":\"zoom rotate\",\"keyframes\":{\"0%\":{\"transform\":{\"rotate\":\"180deg\",\"scale\":\"50%\"},\"opacity\":\"0%\"},\"100%\":{\"transform\":{\"rotate\":\"0deg\",\"scale\":\"100%\"},\"opacity\":\"100%\"}}},\"move-up\":{\"id\":\"move-up\",\"name\":\"move up\",\"keyframes\":{\"0%\":{\"transform\":{\"translateY\":\"100%\"}},\"100%\":{\"transform\":{\"translateY\":\"0%\"}}}},\"move-down\":{\"id\":\"move-down\",\"name\":\"move down\",\"keyframes\":{\"0%\":{\"transform\":{\"translateY\":\"-100-%\"}},\"100%\":{\"transform\":{\"translateY\":\"0%\"}}}},\"video-app-intro\":{\"id\":\"video-app-intro\",\"name\":\"video app intro\",\"keyframes\":{\"0%\":{\"transform\":{\"translateX\":\"-300px\",\"scale\":\"300%\",\"rotate\":\"90deg\"}},\"50%\":{\"transform\":{\"translateX\":\"-300px\",\"scale\":\"100%\",\"rotate\":\"0deg\"}},\"100%\":{\"transform\":{\"translateX\":\"0px\",\"scale\":\"100%\",\"rotate\":\"0deg\"}}}}},\"settings\":{\"b3b98248-81b2-4e13-8b8d-64d8c9082769\":{\"zoom-in\":{\"selector\":true,\"triggerType\":\"onVisible\",\"triggerTarget\":[],\"triggerOnce\":true,\"reverseTarget\":[],\"easing\":\"ease-in-out\",\"duration\":1,\"delay\":0,\"iterationCount\":1,\"direction\":\"normal\"}},\"b81c86b1-a59c-413d-bf9a-cdf5e2da7a84\":{},\"6d546795-c8c3-410a-abb2-c5ec6cbb3e70\":{\"fade-in-top\":{\"selector\":true,\"triggerType\":\"onVisible\",\"triggerTarget\":[],\"triggerOnce\":true,\"reverseTarget\":[],\"easing\":\"ease-in-out\",\"duration\":1,\"delay\":0,\"iterationCount\":1,\"direction\":\"normal\"}},\"1fe411e9-e213-4cd3-a8cc-b9d910e6358e\":{\"zoom-in\":{\"selector\":true,\"triggerType\":\"onVisible\",\"triggerTarget\":[],\"triggerOnce\":true,\"reverseTarget\":[],\"easing\":\"ease-in-out\",\"duration\":1,\"delay\":0,\"iterationCount\":1,\"direction\":\"normal\"}},\"3491fca7-0dac-45c9-a1d5-1f9345af7810\":{},\"6b775394-7934-47fd-925a-a0a4020d8afc\":{\"fade-in-top\":{\"selector\":true,\"triggerType\":\"onVisible\",\"triggerTarget\":[],\"triggerOnce\":true,\"reverseTarget\":[],\"easing\":\"ease-in-out\",\"duration\":1,\"delay\":0,\"iterationCount\":1,\"direction\":\"normal\"}}}}","_moveable":"{}","_advanced_block_media_mapping":[],"footnotes":""},"class_list":["post-126","page","type-page","status-publish","hentry"],"_links":{"self":[{"href":"https:\/\/programasartisticos.unam.edu.ar\/index.php\/wp-json\/wp\/v2\/pages\/126","targetHints":{"allow":["GET"]}}],"collection":[{"href":"https:\/\/programasartisticos.unam.edu.ar\/index.php\/wp-json\/wp\/v2\/pages"}],"about":[{"href":"https:\/\/programasartisticos.unam.edu.ar\/index.php\/wp-json\/wp\/v2\/types\/page"}],"author":[{"embeddable":true,"href":"https:\/\/programasartisticos.unam.edu.ar\/index.php\/wp-json\/wp\/v2\/users\/2"}],"replies":[{"embeddable":true,"href":"https:\/\/programasartisticos.unam.edu.ar\/index.php\/wp-json\/wp\/v2\/comments?post=126"}],"version-history":[{"count":166,"href":"https:\/\/programasartisticos.unam.edu.ar\/index.php\/wp-json\/wp\/v2\/pages\/126\/revisions"}],"predecessor-version":[{"id":1516,"href":"https:\/\/programasartisticos.unam.edu.ar\/index.php\/wp-json\/wp\/v2\/pages\/126\/revisions\/1516"}],"wp:attachment":[{"href":"https:\/\/programasartisticos.unam.edu.ar\/index.php\/wp-json\/wp\/v2\/media?parent=126"}],"curies":[{"name":"wp","href":"https:\/\/api.w.org\/{rel}","templated":true}]}}